{"id":140,"date":"2017-12-28T13:17:55","date_gmt":"2017-12-28T13:17:55","guid":{"rendered":"http:\/\/kindergarten-bullerby.de\/?page_id=140"},"modified":"2019-03-25T20:59:15","modified_gmt":"2019-03-25T20:59:15","slug":"elterninitiative-was-heisst-das-bei-uns","status":"publish","type":"page","link":"https:\/\/kindergarten-bullerby.de\/?page_id=140","title":{"rendered":"Elterninitiative &#8211; Was hei\u00dft das bei uns?"},"content":{"rendered":"\n<p>\n<strong>Zusammenarbeit\nzwischen Eltern und Erzieherinnen<\/strong><\/p>\n\n\n\n<p>\u2026 ist\nGrundvoraussetzung in unserer Elterninitiative. Wir sind nat\u00fcrlich\nPartner und immer im Gespr\u00e4ch, wenn es darum geht, optimale\nEntwicklungsbedingungen f\u00fcr die Kinder zu schaffen. Zusammenarbeit\ngelingt, wenn wir eine Vertrauensbasis entwickeln, die Raum f\u00fcr\nwechselseitige Nachfragen und Kritik l\u00e4sst, wenn wir Informationen\naustauschen und die p\u00e4dagogische Arbeit transparent dokumentieren. \n<\/p>\n\n\n\n<p>F\u00fcr\ndie Erzieherinnen bedeutet das auch, dass sie Unterst\u00fctzung bei\nSchwierigkeiten und Problemen anbieten, Gespr\u00e4chsbereitschaft\nsignalisieren und Gespr\u00e4che f\u00fchren.  \n<\/p>\n\n\n\n<p>Nach\nBedarf finden Informationsgespr\u00e4che statt, in denen besprochen wird,\nwie sich das eigene Kind entwickelt hat, wie es sich in der Gruppe\nverh\u00e4lt und welches gemeinsame Vorgehen ratsam ist.<\/p>\n\n\n\n<p>Dass\ndie Eltern Regeln im Kindergarten akzeptieren, ist Grundvoraussetzung\ndaf\u00fcr, dass eine gemeinsame Erziehungsarbeit sattfinden kann.<\/p>\n\n\n\n<p>Die aktive Elternmitarbeit ist wichtig f\u00fcr die langfristige Qualit\u00e4tssicherung der p\u00e4dagogischen Kindergartenarbeit.  <\/p>\n\n\n\n<p>\n<strong>Aufnahmekriterien<\/strong><\/p>\n\n\n\n<p>Der Kindergarten Bullerby ist konfessionell und weltanschaulich nicht gebunden und steht allen Kindern offen, unabh\u00e4ngig von ihrer Kultur und Religion. <\/p>\n\n\n\n<p>Gleich nach der Geburt k\u00f6nnen die Kinder angemeldet werden. Wir w\u00fcnschen uns, dass Sie bei der Anmeldung gleichzeitig als passives Mitglied in den F\u00f6rderverein eintreten. Aktives Mitglied werden Sie automatisch, wenn Ihr Kind aufgenommen wird. Zurzeit werden die Kinder in der Reihenfolge ihres Anmeldedatums in die Warteliste aufgenommen. Pl\u00e4tze vergeben wir nach Mindestalter (3 Jahre), Kindergartenreife, ausgewogenes Alters- und Geschlechterverh\u00e4ltnis in der Gruppe und ob ein Geschwisterkind bereits unsere Einrichtung besucht oder besucht hat.<\/p>\n","protected":false},"excerpt":{"rendered":"<p>Zusammenarbeit zwischen Eltern und Erzieherinnen \u2026 ist Grundvoraussetzung in unserer Elterninitiative. Wir sind nat\u00fcrlich Partner und immer im Gespr\u00e4ch, wenn es darum geht, optimale Entwicklungsbedingungen f\u00fcr die Kinder zu schaffen. Zusammenarbeit gelingt, wenn wir eine Vertrauensbasis entwickeln, die&#8230; <a class=\"read-more\" href=\"https:\/\/kindergarten-bullerby.de\/?page_id=140\">Mehr erfahren<\/a><\/p>\n","protected":false},"author":2,"featured_media":0,"parent":0,"menu_order":0,"comment_status":"closed","ping_status":"closed","template":"","meta":{"footnotes":""},"_links":{"self":[{"href":"https:\/\/kindergarten-bullerby.de\/index.php?rest_route=\/wp\/v2\/pages\/140"}],"collection":[{"href":"https:\/\/kindergarten-bullerby.de\/index.php?rest_route=\/wp\/v2\/pages"}],"about":[{"href":"https:\/\/kindergarten-bullerby.de\/index.php?rest_route=\/wp\/v2\/types\/page"}],"author":[{"embeddable":true,"href":"https:\/\/kindergarten-bullerby.de\/index.php?rest_route=\/wp\/v2\/users\/2"}],"replies":[{"embeddable":true,"href":"https:\/\/kindergarten-bullerby.de\/index.php?rest_route=%2Fwp%2Fv2%2Fcomments&post=140"}],"version-history":[{"count":3,"href":"https:\/\/kindergarten-bullerby.de\/index.php?rest_route=\/wp\/v2\/pages\/140\/revisions"}],"predecessor-version":[{"id":203,"href":"https:\/\/kindergarten-bullerby.de\/index.php?rest_route=\/wp\/v2\/pages\/140\/revisions\/203"}],"wp:attachment":[{"href":"https:\/\/kindergarten-bullerby.de\/index.php?rest_route=%2Fwp%2Fv2%2Fmedia&parent=140"}],"curies":[{"name":"wp","href":"https:\/\/api.w.org\/{rel}","templated":true}]}}