{"id":163,"date":"2018-06-08T11:24:06","date_gmt":"2018-06-08T11:24:06","guid":{"rendered":"http:\/\/kindergarten-bullerby.de\/?page_id=163"},"modified":"2025-05-26T12:47:43","modified_gmt":"2025-05-26T12:47:43","slug":"impressum-2","status":"publish","type":"page","link":"https:\/\/kindergarten-bullerby.de\/?page_id=163","title":{"rendered":"Impressum"},"content":{"rendered":"<p style=\"text-align: center;\">Impressum gem. \u00a75 TMG:<\/p>\n<p style=\"text-align: center;\">Kindergarten Bullerby e.V.<\/p>\n<p style=\"text-align: center;\">Feldstra\u00dfe 104, 24015 Kiel<\/p>\n<p style=\"text-align: center;\">Tel.: 0431.82900<\/p>\n<p style=\"text-align: center;\">\u00d6ffnungszeiten: t\u00e4glich von 08:00 bis 16:00 Uhr<\/p>\n<p style=\"text-align: center;\">E-Mail: <a href=\"mailto:bullerby-kiel@posteo.de\">bullerby-kiel@posteo.de<\/a><\/p>\n<p style=\"text-align: center;\">Vorstand: Doris G\u00f6dikmeier, Mandy Hirschner, Clara Lindenau<\/p>\n<p style=\"text-align: center;\">Datenschutzbeauftragte: Britta Mintah<\/p>\n<p style=\"text-align: center;\">Alle Rechte gesichert. All Rights reserved. 2020<\/p>\n<p style=\"text-align: center;\">Mitglied des Dachverbandes<\/p>\n<p style=\"text-align: center;\"><a href=\"http:\/\/www.dachverband-kiel.de\/\">http:\/\/www.dachverband-kiel.de\/<\/a><\/p>\n","protected":false},"excerpt":{"rendered":"<p>Impressum gem. \u00a75 TMG: Kindergarten Bullerby e.V. Feldstra\u00dfe 104, 24015 Kiel Tel.: 0431.82900 \u00d6ffnungszeiten: t\u00e4glich von 08:00 bis 16:00 Uhr E-Mail: bullerby-kiel@posteo.de Vorstand: Doris G\u00f6dikmeier, Mandy Hirschner, Clara Lindenau Datenschutzbeauftragte: Britta Mintah Alle Rechte gesichert. All Rights reserved&#8230;. <a class=\"read-more\" href=\"https:\/\/kindergarten-bullerby.de\/?page_id=163\">Mehr erfahren<\/a><\/p>\n","protected":false},"author":2,"featured_media":0,"parent":0,"menu_order":0,"comment_status":"closed","ping_status":"closed","template":"","meta":{"footnotes":""},"_links":{"self":[{"href":"https:\/\/kindergarten-bullerby.de\/index.php?rest_route=\/wp\/v2\/pages\/163"}],"collection":[{"href":"https:\/\/kindergarten-bullerby.de\/index.php?rest_route=\/wp\/v2\/pages"}],"about":[{"href":"https:\/\/kindergarten-bullerby.de\/index.php?rest_route=\/wp\/v2\/types\/page"}],"author":[{"embeddable":true,"href":"https:\/\/kindergarten-bullerby.de\/index.php?rest_route=\/wp\/v2\/users\/2"}],"replies":[{"embeddable":true,"href":"https:\/\/kindergarten-bullerby.de\/index.php?rest_route=%2Fwp%2Fv2%2Fcomments&post=163"}],"version-history":[{"count":11,"href":"https:\/\/kindergarten-bullerby.de\/index.php?rest_route=\/wp\/v2\/pages\/163\/revisions"}],"predecessor-version":[{"id":295,"href":"https:\/\/kindergarten-bullerby.de\/index.php?rest_route=\/wp\/v2\/pages\/163\/revisions\/295"}],"wp:attachment":[{"href":"https:\/\/kindergarten-bullerby.de\/index.php?rest_route=%2Fwp%2Fv2%2Fmedia&parent=163"}],"curies":[{"name":"wp","href":"https:\/\/api.w.org\/{rel}","templated":true}]}}