{"id":35,"date":"2017-12-28T10:55:39","date_gmt":"2017-12-28T10:55:39","guid":{"rendered":"http:\/\/kindergarten-bullerby.de\/?page_id=35"},"modified":"2023-12-18T08:00:30","modified_gmt":"2023-12-18T08:00:30","slug":"home","status":"publish","type":"page","link":"https:\/\/kindergarten-bullerby.de\/","title":{"rendered":"Willkommen in Bullerby!"},"content":{"rendered":"<h4>\u201eWenn die einen finden, dass man gro\u00df ist, und andere, dass man klein ist, so ist man vielleicht gerade richtig.\u201d<\/h4>\n<p>Liebe Kinder, liebe Eltern,<\/p>\n<p>willkommen in Bullerby. Wir freuen uns, euch auf unserer Website begr\u00fc\u00dfen zu d\u00fcrfen.<\/p>\n<p>Habt ihr bereits jetzt Fragen? Schreibt uns doch einfach eine E-Mail an<\/p>\n<p><a href=\"mailto:bullerby-kiel@posteo.de\">bullerby-kiel@posteo.de<\/a> oder ruft uns an unter<em>\u00a00431.82900.<\/em><\/p>\n<p>Eure <em>Pamela und Britta<\/em><\/p>\n","protected":false},"excerpt":{"rendered":"<p>\u201eWenn die einen finden, dass man gro\u00df ist, und andere, dass man klein ist, so ist man vielleicht gerade richtig.\u201d Liebe Kinder, liebe Eltern, willkommen in Bullerby. Wir freuen uns, euch auf unserer Website begr\u00fc\u00dfen zu d\u00fcrfen. Habt&#8230; <a class=\"read-more\" href=\"https:\/\/kindergarten-bullerby.de\/\">Mehr erfahren<\/a><\/p>\n","protected":false},"author":2,"featured_media":0,"parent":0,"menu_order":0,"comment_status":"closed","ping_status":"closed","template":"","meta":{"footnotes":""},"_links":{"self":[{"href":"https:\/\/kindergarten-bullerby.de\/index.php?rest_route=\/wp\/v2\/pages\/35"}],"collection":[{"href":"https:\/\/kindergarten-bullerby.de\/index.php?rest_route=\/wp\/v2\/pages"}],"about":[{"href":"https:\/\/kindergarten-bullerby.de\/index.php?rest_route=\/wp\/v2\/types\/page"}],"author":[{"embeddable":true,"href":"https:\/\/kindergarten-bullerby.de\/index.php?rest_route=\/wp\/v2\/users\/2"}],"replies":[{"embeddable":true,"href":"https:\/\/kindergarten-bullerby.de\/index.php?rest_route=%2Fwp%2Fv2%2Fcomments&post=35"}],"version-history":[{"count":13,"href":"https:\/\/kindergarten-bullerby.de\/index.php?rest_route=\/wp\/v2\/pages\/35\/revisions"}],"predecessor-version":[{"id":256,"href":"https:\/\/kindergarten-bullerby.de\/index.php?rest_route=\/wp\/v2\/pages\/35\/revisions\/256"}],"wp:attachment":[{"href":"https:\/\/kindergarten-bullerby.de\/index.php?rest_route=%2Fwp%2Fv2%2Fmedia&parent=35"}],"curies":[{"name":"wp","href":"https:\/\/api.w.org\/{rel}","templated":true}]}}