{"id":58,"date":"2017-12-28T12:20:35","date_gmt":"2017-12-28T12:20:35","guid":{"rendered":"http:\/\/kindergarten-bullerby.de\/?page_id=58"},"modified":"2024-04-17T12:46:01","modified_gmt":"2024-04-17T12:46:01","slug":"wie-sieht-es-bei-uns-aus","status":"publish","type":"page","link":"https:\/\/kindergarten-bullerby.de\/?page_id=58","title":{"rendered":"Wie sieht es bei uns aus?"},"content":{"rendered":"\n<p>\n<strong>\u00d6rtliche\nGegebenheiten<\/strong><\/p>\n\n\n\n<p>Unser\nKindergarten ist in einem Mehrfamilienwohnhaus in zwei Wohnungen\nuntergebracht, eine im Erdgeschoss und eine in der ersten Etage.\nZusammen sind das ca. 160qm.<\/p>\n\n\n\n<p>In unseren R\u00e4umen haben wir unter anderem viele Lese- und Kuschelm\u00f6glichkeiten, Platz zum Bauen und Konstruieren, eine Puppenecke, Bewegungs-, Mal- und Kreativbereiche, einen Fr\u00fchst\u00fccksbereich und einen Jahreszeitentisch.  <\/p>\n\n\n\n<p>Der kleine Au\u00dfenspielplatz besteht aus Rasen und einer Spielfl\u00e4che aus Fallschutzplatten. Es befinden sich dort ein Spiel- und Spielzeughaus und ein kleiner Ger\u00e4teschrank, eine Sandkiste, ein aus Feldsteinen gemauerter Wasserlauf mit einer kunstvollen Mauer und vielen Experimentierm\u00f6glichkeiten. In zugewachsene H\u00f6hlenverstecke k\u00f6nnen die Kinder sind zur\u00fcckziehen, aber auch ausgiebig formen und matschen und mit Ytongsteinen werkeln, oder an den drei gro\u00dfen Wandtafeln malen. Sie k\u00f6nnen gem\u00fctlich im H\u00e4ngemattenstuhl schaukeln. Kleine Blumen- und Kr\u00e4uterbeete, Beerenb\u00fcsche und ein Clematisbogen versch\u00f6nern hier und da diese Hinterhofidylle.<\/p>\n\n\n\n<figure class=\"wp-block-gallery aligncenter has-nested-images columns-default is-cropped wp-block-gallery-1 is-layout-flex wp-block-gallery-is-layout-flex\">\n<figure class=\"wp-block-image size-large\"><img loading=\"lazy\" decoding=\"async\" width=\"1024\" height=\"683\" data-id=\"119\" src=\"https:\/\/kindergarten-bullerby.de\/wp-content\/uploads\/2017\/12\/BEV_6433-1024x683.jpg\" alt=\"\" class=\"wp-image-119\" srcset=\"https:\/\/kindergarten-bullerby.de\/wp-content\/uploads\/2017\/12\/BEV_6433-1024x683.jpg 1024w, https:\/\/kindergarten-bullerby.de\/wp-content\/uploads\/2017\/12\/BEV_6433-300x200.jpg 300w, https:\/\/kindergarten-bullerby.de\/wp-content\/uploads\/2017\/12\/BEV_6433-768x512.jpg 768w, https:\/\/kindergarten-bullerby.de\/wp-content\/uploads\/2017\/12\/BEV_6433-1800x1200.jpg 1800w, https:\/\/kindergarten-bullerby.de\/wp-content\/uploads\/2017\/12\/BEV_6433-640x427.jpg 640w\" sizes=\"(max-width: 1024px) 100vw, 1024px\" \/><\/figure>\n\n\n\n<figure class=\"wp-block-image size-large\"><img loading=\"lazy\" decoding=\"async\" width=\"1024\" height=\"683\" data-id=\"118\" src=\"https:\/\/kindergarten-bullerby.de\/wp-content\/uploads\/2017\/12\/BEV_6428-1024x683.jpg\" alt=\"\" class=\"wp-image-118\" srcset=\"https:\/\/kindergarten-bullerby.de\/wp-content\/uploads\/2017\/12\/BEV_6428-1024x683.jpg 1024w, https:\/\/kindergarten-bullerby.de\/wp-content\/uploads\/2017\/12\/BEV_6428-300x200.jpg 300w, https:\/\/kindergarten-bullerby.de\/wp-content\/uploads\/2017\/12\/BEV_6428-768x512.jpg 768w, https:\/\/kindergarten-bullerby.de\/wp-content\/uploads\/2017\/12\/BEV_6428-1800x1200.jpg 1800w, https:\/\/kindergarten-bullerby.de\/wp-content\/uploads\/2017\/12\/BEV_6428-640x427.jpg 640w\" sizes=\"(max-width: 1024px) 100vw, 1024px\" \/><\/figure>\n\n\n\n<figure class=\"wp-block-image size-large\"><img loading=\"lazy\" decoding=\"async\" width=\"1024\" height=\"683\" data-id=\"115\" src=\"https:\/\/kindergarten-bullerby.de\/wp-content\/uploads\/2017\/12\/BEV_6250-1024x683.jpg\" alt=\"\" class=\"wp-image-115\" srcset=\"https:\/\/kindergarten-bullerby.de\/wp-content\/uploads\/2017\/12\/BEV_6250-1024x683.jpg 1024w, https:\/\/kindergarten-bullerby.de\/wp-content\/uploads\/2017\/12\/BEV_6250-300x200.jpg 300w, https:\/\/kindergarten-bullerby.de\/wp-content\/uploads\/2017\/12\/BEV_6250-768x512.jpg 768w, https:\/\/kindergarten-bullerby.de\/wp-content\/uploads\/2017\/12\/BEV_6250-1800x1200.jpg 1800w, https:\/\/kindergarten-bullerby.de\/wp-content\/uploads\/2017\/12\/BEV_6250-640x427.jpg 640w\" sizes=\"(max-width: 1024px) 100vw, 1024px\" \/><\/figure>\n\n\n\n<figure class=\"wp-block-image size-large\"><img loading=\"lazy\" decoding=\"async\" width=\"768\" height=\"1024\" data-id=\"279\" src=\"https:\/\/kindergarten-bullerby.de\/wp-content\/uploads\/2024\/04\/IMG_9660-768x1024.jpg\" alt=\"\" class=\"wp-image-279\" srcset=\"https:\/\/kindergarten-bullerby.de\/wp-content\/uploads\/2024\/04\/IMG_9660-768x1024.jpg 768w, https:\/\/kindergarten-bullerby.de\/wp-content\/uploads\/2024\/04\/IMG_9660-225x300.jpg 225w, https:\/\/kindergarten-bullerby.de\/wp-content\/uploads\/2024\/04\/IMG_9660-1152x1536.jpg 1152w, https:\/\/kindergarten-bullerby.de\/wp-content\/uploads\/2024\/04\/IMG_9660-1536x2048.jpg 1536w, https:\/\/kindergarten-bullerby.de\/wp-content\/uploads\/2024\/04\/IMG_9660-1350x1800.jpg 1350w, https:\/\/kindergarten-bullerby.de\/wp-content\/uploads\/2024\/04\/IMG_9660-900x1200.jpg 900w, https:\/\/kindergarten-bullerby.de\/wp-content\/uploads\/2024\/04\/IMG_9660-480x640.jpg 480w, https:\/\/kindergarten-bullerby.de\/wp-content\/uploads\/2024\/04\/IMG_9660-scaled.jpg 1920w\" sizes=\"(max-width: 768px) 100vw, 768px\" \/><\/figure>\n\n\n\n<figure class=\"wp-block-image size-large\"><img loading=\"lazy\" decoding=\"async\" width=\"1024\" height=\"683\" data-id=\"114\" src=\"https:\/\/kindergarten-bullerby.de\/wp-content\/uploads\/2017\/12\/BEV_6239-1024x683.jpg\" alt=\"\" class=\"wp-image-114\" srcset=\"https:\/\/kindergarten-bullerby.de\/wp-content\/uploads\/2017\/12\/BEV_6239-1024x683.jpg 1024w, https:\/\/kindergarten-bullerby.de\/wp-content\/uploads\/2017\/12\/BEV_6239-300x200.jpg 300w, https:\/\/kindergarten-bullerby.de\/wp-content\/uploads\/2017\/12\/BEV_6239-768x512.jpg 768w, https:\/\/kindergarten-bullerby.de\/wp-content\/uploads\/2017\/12\/BEV_6239-1800x1200.jpg 1800w, https:\/\/kindergarten-bullerby.de\/wp-content\/uploads\/2017\/12\/BEV_6239-640x427.jpg 640w\" sizes=\"(max-width: 1024px) 100vw, 1024px\" \/><\/figure>\n\n\n\n<figure class=\"wp-block-image size-large\"><img loading=\"lazy\" decoding=\"async\" width=\"768\" height=\"1024\" data-id=\"234\" src=\"https:\/\/kindergarten-bullerby.de\/wp-content\/uploads\/2021\/04\/FHFY6818-768x1024.jpg\" alt=\"\" class=\"wp-image-234\" srcset=\"https:\/\/kindergarten-bullerby.de\/wp-content\/uploads\/2021\/04\/FHFY6818-768x1024.jpg 768w, https:\/\/kindergarten-bullerby.de\/wp-content\/uploads\/2021\/04\/FHFY6818-225x300.jpg 225w, https:\/\/kindergarten-bullerby.de\/wp-content\/uploads\/2021\/04\/FHFY6818-1152x1536.jpg 1152w, https:\/\/kindergarten-bullerby.de\/wp-content\/uploads\/2021\/04\/FHFY6818-900x1200.jpg 900w, https:\/\/kindergarten-bullerby.de\/wp-content\/uploads\/2021\/04\/FHFY6818-480x640.jpg 480w, https:\/\/kindergarten-bullerby.de\/wp-content\/uploads\/2021\/04\/FHFY6818.jpg 1200w\" sizes=\"(max-width: 768px) 100vw, 768px\" \/><\/figure>\n\n\n\n<figure class=\"wp-block-image size-large\"><img loading=\"lazy\" decoding=\"async\" width=\"1024\" height=\"768\" data-id=\"235\" src=\"https:\/\/kindergarten-bullerby.de\/wp-content\/uploads\/2021\/04\/IMG_2767-1024x768.jpg\" alt=\"\" class=\"wp-image-235\" srcset=\"https:\/\/kindergarten-bullerby.de\/wp-content\/uploads\/2021\/04\/IMG_2767-1024x768.jpg 1024w, https:\/\/kindergarten-bullerby.de\/wp-content\/uploads\/2021\/04\/IMG_2767-300x225.jpg 300w, https:\/\/kindergarten-bullerby.de\/wp-content\/uploads\/2021\/04\/IMG_2767-768x576.jpg 768w, https:\/\/kindergarten-bullerby.de\/wp-content\/uploads\/2021\/04\/IMG_2767-1536x1152.jpg 1536w, https:\/\/kindergarten-bullerby.de\/wp-content\/uploads\/2021\/04\/IMG_2767-2048x1536.jpg 2048w, https:\/\/kindergarten-bullerby.de\/wp-content\/uploads\/2021\/04\/IMG_2767-1600x1200.jpg 1600w, https:\/\/kindergarten-bullerby.de\/wp-content\/uploads\/2021\/04\/IMG_2767-640x480.jpg 640w\" sizes=\"(max-width: 1024px) 100vw, 1024px\" \/><\/figure>\n\n\n\n<figure class=\"wp-block-image size-large\"><img loading=\"lazy\" decoding=\"async\" width=\"768\" height=\"1024\" data-id=\"237\" src=\"https:\/\/kindergarten-bullerby.de\/wp-content\/uploads\/2021\/04\/IMG_3129-768x1024.jpg\" alt=\"\" class=\"wp-image-237\" srcset=\"https:\/\/kindergarten-bullerby.de\/wp-content\/uploads\/2021\/04\/IMG_3129-768x1024.jpg 768w, https:\/\/kindergarten-bullerby.de\/wp-content\/uploads\/2021\/04\/IMG_3129-225x300.jpg 225w, https:\/\/kindergarten-bullerby.de\/wp-content\/uploads\/2021\/04\/IMG_3129-1152x1536.jpg 1152w, https:\/\/kindergarten-bullerby.de\/wp-content\/uploads\/2021\/04\/IMG_3129-1536x2048.jpg 1536w, https:\/\/kindergarten-bullerby.de\/wp-content\/uploads\/2021\/04\/IMG_3129-1350x1800.jpg 1350w, https:\/\/kindergarten-bullerby.de\/wp-content\/uploads\/2021\/04\/IMG_3129-900x1200.jpg 900w, https:\/\/kindergarten-bullerby.de\/wp-content\/uploads\/2021\/04\/IMG_3129-480x640.jpg 480w, https:\/\/kindergarten-bullerby.de\/wp-content\/uploads\/2021\/04\/IMG_3129-scaled.jpg 1920w\" sizes=\"(max-width: 768px) 100vw, 768px\" \/><\/figure>\n\n\n\n<figure class=\"wp-block-image size-large\"><img loading=\"lazy\" decoding=\"async\" width=\"768\" height=\"1024\" data-id=\"238\" src=\"https:\/\/kindergarten-bullerby.de\/wp-content\/uploads\/2021\/04\/IMG_3537-768x1024.jpg\" alt=\"\" class=\"wp-image-238\" srcset=\"https:\/\/kindergarten-bullerby.de\/wp-content\/uploads\/2021\/04\/IMG_3537-768x1024.jpg 768w, https:\/\/kindergarten-bullerby.de\/wp-content\/uploads\/2021\/04\/IMG_3537-225x300.jpg 225w, https:\/\/kindergarten-bullerby.de\/wp-content\/uploads\/2021\/04\/IMG_3537-1152x1536.jpg 1152w, https:\/\/kindergarten-bullerby.de\/wp-content\/uploads\/2021\/04\/IMG_3537-1536x2048.jpg 1536w, https:\/\/kindergarten-bullerby.de\/wp-content\/uploads\/2021\/04\/IMG_3537-1350x1800.jpg 1350w, https:\/\/kindergarten-bullerby.de\/wp-content\/uploads\/2021\/04\/IMG_3537-900x1200.jpg 900w, https:\/\/kindergarten-bullerby.de\/wp-content\/uploads\/2021\/04\/IMG_3537-480x640.jpg 480w, https:\/\/kindergarten-bullerby.de\/wp-content\/uploads\/2021\/04\/IMG_3537-scaled.jpg 1920w\" sizes=\"(max-width: 768px) 100vw, 768px\" \/><\/figure>\n\n\n\n<figure class=\"wp-block-image size-large\"><img loading=\"lazy\" decoding=\"async\" width=\"768\" height=\"1024\" data-id=\"239\" src=\"https:\/\/kindergarten-bullerby.de\/wp-content\/uploads\/2021\/04\/IMG_3675-768x1024.jpg\" alt=\"\" class=\"wp-image-239\" srcset=\"https:\/\/kindergarten-bullerby.de\/wp-content\/uploads\/2021\/04\/IMG_3675-768x1024.jpg 768w, https:\/\/kindergarten-bullerby.de\/wp-content\/uploads\/2021\/04\/IMG_3675-225x300.jpg 225w, https:\/\/kindergarten-bullerby.de\/wp-content\/uploads\/2021\/04\/IMG_3675-1152x1536.jpg 1152w, https:\/\/kindergarten-bullerby.de\/wp-content\/uploads\/2021\/04\/IMG_3675-1536x2048.jpg 1536w, https:\/\/kindergarten-bullerby.de\/wp-content\/uploads\/2021\/04\/IMG_3675-1350x1800.jpg 1350w, https:\/\/kindergarten-bullerby.de\/wp-content\/uploads\/2021\/04\/IMG_3675-900x1200.jpg 900w, https:\/\/kindergarten-bullerby.de\/wp-content\/uploads\/2021\/04\/IMG_3675-480x640.jpg 480w, https:\/\/kindergarten-bullerby.de\/wp-content\/uploads\/2021\/04\/IMG_3675-scaled.jpg 1920w\" sizes=\"(max-width: 768px) 100vw, 768px\" \/><\/figure>\n\n\n\n<figure class=\"wp-block-image size-large\"><img loading=\"lazy\" decoding=\"async\" width=\"768\" height=\"1024\" data-id=\"240\" src=\"https:\/\/kindergarten-bullerby.de\/wp-content\/uploads\/2021\/04\/IMG_4506-768x1024.jpg\" alt=\"\" class=\"wp-image-240\" srcset=\"https:\/\/kindergarten-bullerby.de\/wp-content\/uploads\/2021\/04\/IMG_4506-768x1024.jpg 768w, https:\/\/kindergarten-bullerby.de\/wp-content\/uploads\/2021\/04\/IMG_4506-225x300.jpg 225w, https:\/\/kindergarten-bullerby.de\/wp-content\/uploads\/2021\/04\/IMG_4506-1152x1536.jpg 1152w, https:\/\/kindergarten-bullerby.de\/wp-content\/uploads\/2021\/04\/IMG_4506-1536x2048.jpg 1536w, https:\/\/kindergarten-bullerby.de\/wp-content\/uploads\/2021\/04\/IMG_4506-1350x1800.jpg 1350w, https:\/\/kindergarten-bullerby.de\/wp-content\/uploads\/2021\/04\/IMG_4506-900x1200.jpg 900w, https:\/\/kindergarten-bullerby.de\/wp-content\/uploads\/2021\/04\/IMG_4506-480x640.jpg 480w, https:\/\/kindergarten-bullerby.de\/wp-content\/uploads\/2021\/04\/IMG_4506-scaled.jpg 1920w\" sizes=\"(max-width: 768px) 100vw, 768px\" \/><\/figure>\n\n\n\n<figure class=\"wp-block-image size-large\"><img loading=\"lazy\" decoding=\"async\" width=\"768\" height=\"1024\" data-id=\"241\" src=\"https:\/\/kindergarten-bullerby.de\/wp-content\/uploads\/2021\/04\/IMG_4768-768x1024.jpg\" alt=\"\" class=\"wp-image-241\" srcset=\"https:\/\/kindergarten-bullerby.de\/wp-content\/uploads\/2021\/04\/IMG_4768-768x1024.jpg 768w, https:\/\/kindergarten-bullerby.de\/wp-content\/uploads\/2021\/04\/IMG_4768-225x300.jpg 225w, https:\/\/kindergarten-bullerby.de\/wp-content\/uploads\/2021\/04\/IMG_4768-1152x1536.jpg 1152w, https:\/\/kindergarten-bullerby.de\/wp-content\/uploads\/2021\/04\/IMG_4768-1536x2048.jpg 1536w, https:\/\/kindergarten-bullerby.de\/wp-content\/uploads\/2021\/04\/IMG_4768-1350x1800.jpg 1350w, https:\/\/kindergarten-bullerby.de\/wp-content\/uploads\/2021\/04\/IMG_4768-900x1200.jpg 900w, https:\/\/kindergarten-bullerby.de\/wp-content\/uploads\/2021\/04\/IMG_4768-480x640.jpg 480w, https:\/\/kindergarten-bullerby.de\/wp-content\/uploads\/2021\/04\/IMG_4768-scaled.jpg 1920w\" sizes=\"(max-width: 768px) 100vw, 768px\" \/><\/figure>\n\n\n\n<figure class=\"wp-block-image size-large\"><img loading=\"lazy\" decoding=\"async\" width=\"768\" height=\"1024\" data-id=\"242\" src=\"https:\/\/kindergarten-bullerby.de\/wp-content\/uploads\/2021\/04\/IMG_4834-768x1024.jpg\" alt=\"\" class=\"wp-image-242\" srcset=\"https:\/\/kindergarten-bullerby.de\/wp-content\/uploads\/2021\/04\/IMG_4834-768x1024.jpg 768w, https:\/\/kindergarten-bullerby.de\/wp-content\/uploads\/2021\/04\/IMG_4834-225x300.jpg 225w, https:\/\/kindergarten-bullerby.de\/wp-content\/uploads\/2021\/04\/IMG_4834-1152x1536.jpg 1152w, https:\/\/kindergarten-bullerby.de\/wp-content\/uploads\/2021\/04\/IMG_4834-1536x2048.jpg 1536w, https:\/\/kindergarten-bullerby.de\/wp-content\/uploads\/2021\/04\/IMG_4834-1350x1800.jpg 1350w, https:\/\/kindergarten-bullerby.de\/wp-content\/uploads\/2021\/04\/IMG_4834-900x1200.jpg 900w, https:\/\/kindergarten-bullerby.de\/wp-content\/uploads\/2021\/04\/IMG_4834-480x640.jpg 480w, https:\/\/kindergarten-bullerby.de\/wp-content\/uploads\/2021\/04\/IMG_4834-scaled.jpg 1920w\" sizes=\"(max-width: 768px) 100vw, 768px\" \/><\/figure>\n\n\n\n<figure class=\"wp-block-image size-large\"><img loading=\"lazy\" decoding=\"async\" width=\"768\" height=\"1024\" data-id=\"243\" src=\"https:\/\/kindergarten-bullerby.de\/wp-content\/uploads\/2021\/04\/IMG_5707-768x1024.jpg\" alt=\"\" class=\"wp-image-243\" srcset=\"https:\/\/kindergarten-bullerby.de\/wp-content\/uploads\/2021\/04\/IMG_5707-768x1024.jpg 768w, https:\/\/kindergarten-bullerby.de\/wp-content\/uploads\/2021\/04\/IMG_5707-225x300.jpg 225w, https:\/\/kindergarten-bullerby.de\/wp-content\/uploads\/2021\/04\/IMG_5707-1152x1536.jpg 1152w, https:\/\/kindergarten-bullerby.de\/wp-content\/uploads\/2021\/04\/IMG_5707-1536x2048.jpg 1536w, https:\/\/kindergarten-bullerby.de\/wp-content\/uploads\/2021\/04\/IMG_5707-1350x1800.jpg 1350w, https:\/\/kindergarten-bullerby.de\/wp-content\/uploads\/2021\/04\/IMG_5707-900x1200.jpg 900w, https:\/\/kindergarten-bullerby.de\/wp-content\/uploads\/2021\/04\/IMG_5707-480x640.jpg 480w, https:\/\/kindergarten-bullerby.de\/wp-content\/uploads\/2021\/04\/IMG_5707-scaled.jpg 1920w\" sizes=\"(max-width: 768px) 100vw, 768px\" \/><\/figure>\n\n\n\n<figure class=\"wp-block-image size-large\"><img loading=\"lazy\" decoding=\"async\" width=\"768\" height=\"1024\" data-id=\"244\" src=\"https:\/\/kindergarten-bullerby.de\/wp-content\/uploads\/2021\/04\/IMG_9649-768x1024.jpg\" alt=\"\" class=\"wp-image-244\" srcset=\"https:\/\/kindergarten-bullerby.de\/wp-content\/uploads\/2021\/04\/IMG_9649-768x1024.jpg 768w, https:\/\/kindergarten-bullerby.de\/wp-content\/uploads\/2021\/04\/IMG_9649-225x300.jpg 225w, https:\/\/kindergarten-bullerby.de\/wp-content\/uploads\/2021\/04\/IMG_9649-1152x1536.jpg 1152w, https:\/\/kindergarten-bullerby.de\/wp-content\/uploads\/2021\/04\/IMG_9649-1536x2048.jpg 1536w, https:\/\/kindergarten-bullerby.de\/wp-content\/uploads\/2021\/04\/IMG_9649-1350x1800.jpg 1350w, https:\/\/kindergarten-bullerby.de\/wp-content\/uploads\/2021\/04\/IMG_9649-900x1200.jpg 900w, https:\/\/kindergarten-bullerby.de\/wp-content\/uploads\/2021\/04\/IMG_9649-480x640.jpg 480w, https:\/\/kindergarten-bullerby.de\/wp-content\/uploads\/2021\/04\/IMG_9649-scaled.jpg 1920w\" sizes=\"(max-width: 768px) 100vw, 768px\" \/><\/figure>\n\n\n\n<figure class=\"wp-block-image size-large\"><img loading=\"lazy\" decoding=\"async\" width=\"768\" height=\"1024\" data-id=\"246\" src=\"https:\/\/kindergarten-bullerby.de\/wp-content\/uploads\/2021\/04\/WBBZ1041-768x1024.jpg\" alt=\"\" class=\"wp-image-246\" srcset=\"https:\/\/kindergarten-bullerby.de\/wp-content\/uploads\/2021\/04\/WBBZ1041-768x1024.jpg 768w, https:\/\/kindergarten-bullerby.de\/wp-content\/uploads\/2021\/04\/WBBZ1041-225x300.jpg 225w, https:\/\/kindergarten-bullerby.de\/wp-content\/uploads\/2021\/04\/WBBZ1041-1152x1536.jpg 1152w, https:\/\/kindergarten-bullerby.de\/wp-content\/uploads\/2021\/04\/WBBZ1041-900x1200.jpg 900w, https:\/\/kindergarten-bullerby.de\/wp-content\/uploads\/2021\/04\/WBBZ1041-480x640.jpg 480w, https:\/\/kindergarten-bullerby.de\/wp-content\/uploads\/2021\/04\/WBBZ1041.jpg 1200w\" sizes=\"(max-width: 768px) 100vw, 768px\" \/><\/figure>\n\n\n\n<figure class=\"wp-block-image size-large\"><img loading=\"lazy\" decoding=\"async\" width=\"1024\" height=\"768\" data-id=\"283\" src=\"https:\/\/kindergarten-bullerby.de\/wp-content\/uploads\/2024\/04\/DSC01191-1024x768.jpg\" alt=\"\" class=\"wp-image-283\" srcset=\"https:\/\/kindergarten-bullerby.de\/wp-content\/uploads\/2024\/04\/DSC01191-1024x768.jpg 1024w, https:\/\/kindergarten-bullerby.de\/wp-content\/uploads\/2024\/04\/DSC01191-300x225.jpg 300w, https:\/\/kindergarten-bullerby.de\/wp-content\/uploads\/2024\/04\/DSC01191-768x576.jpg 768w, https:\/\/kindergarten-bullerby.de\/wp-content\/uploads\/2024\/04\/DSC01191-1536x1152.jpg 1536w, https:\/\/kindergarten-bullerby.de\/wp-content\/uploads\/2024\/04\/DSC01191-2048x1536.jpg 2048w, https:\/\/kindergarten-bullerby.de\/wp-content\/uploads\/2024\/04\/DSC01191-1600x1200.jpg 1600w, https:\/\/kindergarten-bullerby.de\/wp-content\/uploads\/2024\/04\/DSC01191-640x480.jpg 640w\" sizes=\"(max-width: 1024px) 100vw, 1024px\" \/><\/figure>\n\n\n\n<figure class=\"wp-block-image size-large\"><img loading=\"lazy\" decoding=\"async\" width=\"1024\" height=\"768\" data-id=\"284\" src=\"https:\/\/kindergarten-bullerby.de\/wp-content\/uploads\/2024\/04\/DSC02149-1024x768.jpg\" alt=\"\" class=\"wp-image-284\" srcset=\"https:\/\/kindergarten-bullerby.de\/wp-content\/uploads\/2024\/04\/DSC02149-1024x768.jpg 1024w, https:\/\/kindergarten-bullerby.de\/wp-content\/uploads\/2024\/04\/DSC02149-300x225.jpg 300w, https:\/\/kindergarten-bullerby.de\/wp-content\/uploads\/2024\/04\/DSC02149-768x576.jpg 768w, https:\/\/kindergarten-bullerby.de\/wp-content\/uploads\/2024\/04\/DSC02149-1536x1152.jpg 1536w, https:\/\/kindergarten-bullerby.de\/wp-content\/uploads\/2024\/04\/DSC02149-2048x1536.jpg 2048w, https:\/\/kindergarten-bullerby.de\/wp-content\/uploads\/2024\/04\/DSC02149-1600x1200.jpg 1600w, https:\/\/kindergarten-bullerby.de\/wp-content\/uploads\/2024\/04\/DSC02149-640x480.jpg 640w\" sizes=\"(max-width: 1024px) 100vw, 1024px\" \/><\/figure>\n\n\n\n<figure class=\"wp-block-image size-large\"><img loading=\"lazy\" decoding=\"async\" width=\"1024\" height=\"768\" data-id=\"290\" src=\"https:\/\/kindergarten-bullerby.de\/wp-content\/uploads\/2024\/04\/IMG_20190307_112858-1024x768.jpg\" alt=\"\" class=\"wp-image-290\" srcset=\"https:\/\/kindergarten-bullerby.de\/wp-content\/uploads\/2024\/04\/IMG_20190307_112858-1024x768.jpg 1024w, https:\/\/kindergarten-bullerby.de\/wp-content\/uploads\/2024\/04\/IMG_20190307_112858-300x225.jpg 300w, https:\/\/kindergarten-bullerby.de\/wp-content\/uploads\/2024\/04\/IMG_20190307_112858-768x576.jpg 768w, https:\/\/kindergarten-bullerby.de\/wp-content\/uploads\/2024\/04\/IMG_20190307_112858-1536x1152.jpg 1536w, https:\/\/kindergarten-bullerby.de\/wp-content\/uploads\/2024\/04\/IMG_20190307_112858-2048x1536.jpg 2048w, https:\/\/kindergarten-bullerby.de\/wp-content\/uploads\/2024\/04\/IMG_20190307_112858-1600x1200.jpg 1600w, https:\/\/kindergarten-bullerby.de\/wp-content\/uploads\/2024\/04\/IMG_20190307_112858-640x480.jpg 640w\" sizes=\"(max-width: 1024px) 100vw, 1024px\" \/><figcaption class=\"wp-element-caption\">sdr<\/figcaption><\/figure>\n\n\n\n<figure class=\"wp-block-image size-large\"><img loading=\"lazy\" decoding=\"async\" width=\"1024\" height=\"768\" data-id=\"291\" src=\"https:\/\/kindergarten-bullerby.de\/wp-content\/uploads\/2024\/04\/IMG_20190826_102850-1024x768.jpg\" alt=\"\" class=\"wp-image-291\" srcset=\"https:\/\/kindergarten-bullerby.de\/wp-content\/uploads\/2024\/04\/IMG_20190826_102850-1024x768.jpg 1024w, https:\/\/kindergarten-bullerby.de\/wp-content\/uploads\/2024\/04\/IMG_20190826_102850-300x225.jpg 300w, https:\/\/kindergarten-bullerby.de\/wp-content\/uploads\/2024\/04\/IMG_20190826_102850-768x576.jpg 768w, https:\/\/kindergarten-bullerby.de\/wp-content\/uploads\/2024\/04\/IMG_20190826_102850-1536x1152.jpg 1536w, https:\/\/kindergarten-bullerby.de\/wp-content\/uploads\/2024\/04\/IMG_20190826_102850-2048x1536.jpg 2048w, https:\/\/kindergarten-bullerby.de\/wp-content\/uploads\/2024\/04\/IMG_20190826_102850-1600x1200.jpg 1600w, https:\/\/kindergarten-bullerby.de\/wp-content\/uploads\/2024\/04\/IMG_20190826_102850-640x480.jpg 640w\" sizes=\"(max-width: 1024px) 100vw, 1024px\" \/><figcaption class=\"wp-element-caption\">dav<\/figcaption><\/figure>\n<\/figure>\n\n\n\n<figure class=\"wp-block-image size-large is-resized\"><img loading=\"lazy\" decoding=\"async\" width=\"1024\" height=\"768\" src=\"https:\/\/kindergarten-bullerby.de\/wp-content\/uploads\/2024\/04\/IMG_6972-1024x768.jpg\" alt=\"\" class=\"wp-image-282\" style=\"width:435px;height:auto\" srcset=\"https:\/\/kindergarten-bullerby.de\/wp-content\/uploads\/2024\/04\/IMG_6972-1024x768.jpg 1024w, https:\/\/kindergarten-bullerby.de\/wp-content\/uploads\/2024\/04\/IMG_6972-300x225.jpg 300w, https:\/\/kindergarten-bullerby.de\/wp-content\/uploads\/2024\/04\/IMG_6972-768x576.jpg 768w, https:\/\/kindergarten-bullerby.de\/wp-content\/uploads\/2024\/04\/IMG_6972-1536x1152.jpg 1536w, https:\/\/kindergarten-bullerby.de\/wp-content\/uploads\/2024\/04\/IMG_6972-2048x1536.jpg 2048w, https:\/\/kindergarten-bullerby.de\/wp-content\/uploads\/2024\/04\/IMG_6972-1600x1200.jpg 1600w, https:\/\/kindergarten-bullerby.de\/wp-content\/uploads\/2024\/04\/IMG_6972-640x480.jpg 640w\" sizes=\"(max-width: 1024px) 100vw, 1024px\" \/><\/figure>\n","protected":false},"excerpt":{"rendered":"<p>\u00d6rtliche Gegebenheiten Unser Kindergarten ist in einem Mehrfamilienwohnhaus in zwei Wohnungen untergebracht, eine im Erdgeschoss und eine in der ersten Etage. Zusammen sind das ca. 160qm. In unseren R\u00e4umen haben wir unter anderem viele Lese- und Kuschelm\u00f6glichkeiten, Platz&#8230; <a class=\"read-more\" href=\"https:\/\/kindergarten-bullerby.de\/?page_id=58\">Mehr erfahren<\/a><\/p>\n","protected":false},"author":2,"featured_media":0,"parent":0,"menu_order":0,"comment_status":"closed","ping_status":"closed","template":"","meta":{"footnotes":""},"_links":{"self":[{"href":"https:\/\/kindergarten-bullerby.de\/index.php?rest_route=\/wp\/v2\/pages\/58"}],"collection":[{"href":"https:\/\/kindergarten-bullerby.de\/index.php?rest_route=\/wp\/v2\/pages"}],"about":[{"href":"https:\/\/kindergarten-bullerby.de\/index.php?rest_route=\/wp\/v2\/types\/page"}],"author":[{"embeddable":true,"href":"https:\/\/kindergarten-bullerby.de\/index.php?rest_route=\/wp\/v2\/users\/2"}],"replies":[{"embeddable":true,"href":"https:\/\/kindergarten-bullerby.de\/index.php?rest_route=%2Fwp%2Fv2%2Fcomments&post=58"}],"version-history":[{"count":17,"href":"https:\/\/kindergarten-bullerby.de\/index.php?rest_route=\/wp\/v2\/pages\/58\/revisions"}],"predecessor-version":[{"id":292,"href":"https:\/\/kindergarten-bullerby.de\/index.php?rest_route=\/wp\/v2\/pages\/58\/revisions\/292"}],"wp:attachment":[{"href":"https:\/\/kindergarten-bullerby.de\/index.php?rest_route=%2Fwp%2Fv2%2Fmedia&parent=58"}],"curies":[{"name":"wp","href":"https:\/\/api.w.org\/{rel}","templated":true}]}}